{"id":5956,"date":"2022-01-19T12:09:57","date_gmt":"2022-01-19T12:09:57","guid":{"rendered":"https:\/\/corp.ametllerorigen.com\/calendario-de-temporada\/"},"modified":"2025-07-31T10:40:58","modified_gmt":"2025-07-31T10:40:58","slug":"calendario-de-temporada","status":"publish","type":"page","link":"https:\/\/corppre.ametllerorigen.com\/es\/calendario-de-temporada\/","title":{"rendered":"Calendario de temporada"},"content":{"rendered":"","protected":false},"excerpt":{"rendered":"","protected":false},"author":9,"featured_media":0,"parent":0,"menu_order":0,"comment_status":"closed","ping_status":"closed","template":"calendari.php","meta":{"_acf_changed":false,"footnotes":""},"class_list":["post-5956","page","type-page","status-publish","hentry"],"acf":[],"yoast_head":"<!-- This site is optimized with the Yoast SEO plugin v27.3 - https:\/\/yoast.com\/product\/yoast-seo-wordpress\/ -->\n<title>Calendario de temporada | Ametller Origen - fruta y verdura mes a mes<\/title>\n<meta name=\"description\" content=\"Descubre el calendario de temporada de Ametller Origen: gu\u00eda mensual de frutas y verduras frescas, locales y en su punto \u00f3ptimo para consumir cada mes del a\u00f1o.\" \/>\n<meta name=\"robots\" content=\"index, follow, max-snippet:-1, max-image-preview:large, max-video-preview:-1\" \/>\n<link rel=\"canonical\" href=\"https:\/\/corppre.ametllerorigen.com\/es\/calendario-de-temporada\/\" \/>\n<meta property=\"og:locale\" content=\"es_ES\" \/>\n<meta property=\"og:type\" content=\"article\" \/>\n<meta property=\"og:title\" content=\"Calendario de temporada | Ametller Origen - fruta y verdura mes a mes\" \/>\n<meta property=\"og:description\" content=\"Descubre el calendario de temporada de Ametller Origen: gu\u00eda mensual de frutas y verduras frescas, locales y en su punto \u00f3ptimo para consumir cada mes del a\u00f1o.\" \/>\n<meta property=\"og:url\" content=\"https:\/\/corppre.ametllerorigen.com\/es\/calendario-de-temporada\/\" \/>\n<meta property=\"og:site_name\" content=\"Ametller Origen\" \/>\n<meta property=\"article:modified_time\" content=\"2025-07-31T10:40:58+00:00\" \/>\n<meta name=\"twitter:card\" content=\"summary_large_image\" \/>\n<meta name=\"twitter:label1\" content=\"Tiempo de lectura\" \/>\n\t<meta name=\"twitter:data1\" content=\"23 minutos\" \/>\n<script type=\"application\/ld+json\" class=\"yoast-schema-graph\">{\"@context\":\"https:\\\/\\\/schema.org\",\"@graph\":[{\"@type\":\"WebPage\",\"@id\":\"https:\\\/\\\/corppre.ametllerorigen.com\\\/es\\\/calendario-de-temporada\\\/\",\"url\":\"https:\\\/\\\/corppre.ametllerorigen.com\\\/es\\\/calendario-de-temporada\\\/\",\"name\":\"Calendario de temporada | Ametller Origen - fruta y verdura mes a mes\",\"isPartOf\":{\"@id\":\"https:\\\/\\\/corppre.ametllerorigen.com\\\/#website\"},\"datePublished\":\"2022-01-19T12:09:57+00:00\",\"dateModified\":\"2025-07-31T10:40:58+00:00\",\"description\":\"Descubre el calendario de temporada de Ametller Origen: gu\u00eda mensual de frutas y verduras frescas, locales y en su punto \u00f3ptimo para consumir cada mes del a\u00f1o.\",\"breadcrumb\":{\"@id\":\"https:\\\/\\\/corppre.ametllerorigen.com\\\/es\\\/calendario-de-temporada\\\/#breadcrumb\"},\"inLanguage\":\"es\",\"potentialAction\":[{\"@type\":\"ReadAction\",\"target\":[\"https:\\\/\\\/corppre.ametllerorigen.com\\\/es\\\/calendario-de-temporada\\\/\"]}]},{\"@type\":\"BreadcrumbList\",\"@id\":\"https:\\\/\\\/corppre.ametllerorigen.com\\\/es\\\/calendario-de-temporada\\\/#breadcrumb\",\"itemListElement\":[{\"@type\":\"ListItem\",\"position\":1,\"name\":\"Inici\",\"item\":\"https:\\\/\\\/corppre.ametllerorigen.com\\\/es\\\/home\\\/\"},{\"@type\":\"ListItem\",\"position\":2,\"name\":\"Calendario de temporada\"}]},{\"@type\":\"WebSite\",\"@id\":\"https:\\\/\\\/corppre.ametllerorigen.com\\\/#website\",\"url\":\"https:\\\/\\\/corppre.ametllerorigen.com\\\/\",\"name\":\"Ametller Origen\",\"description\":\"Pensa com menges, menja com penses\",\"publisher\":{\"@id\":\"https:\\\/\\\/corppre.ametllerorigen.com\\\/#organization\"},\"potentialAction\":[{\"@type\":\"SearchAction\",\"target\":{\"@type\":\"EntryPoint\",\"urlTemplate\":\"https:\\\/\\\/corppre.ametllerorigen.com\\\/?s={search_term_string}\"},\"query-input\":{\"@type\":\"PropertyValueSpecification\",\"valueRequired\":true,\"valueName\":\"search_term_string\"}}],\"inLanguage\":\"es\"},{\"@type\":\"Organization\",\"@id\":\"https:\\\/\\\/corppre.ametllerorigen.com\\\/#organization\",\"name\":\"Ametller Origen\",\"url\":\"https:\\\/\\\/corppre.ametllerorigen.com\\\/\",\"logo\":{\"@type\":\"ImageObject\",\"inLanguage\":\"es\",\"@id\":\"https:\\\/\\\/corppre.ametllerorigen.com\\\/#\\\/schema\\\/logo\\\/image\\\/\",\"url\":\"https:\\\/\\\/corppre.ametllerorigen.com\\\/wp-content\\\/uploads\\\/2025\\\/09\\\/Favicon.svg\",\"contentUrl\":\"https:\\\/\\\/corppre.ametllerorigen.com\\\/wp-content\\\/uploads\\\/2025\\\/09\\\/Favicon.svg\",\"caption\":\"Ametller Origen\"},\"image\":{\"@id\":\"https:\\\/\\\/corppre.ametllerorigen.com\\\/#\\\/schema\\\/logo\\\/image\\\/\"}}]}<\/script>\n<!-- \/ Yoast SEO plugin. -->","yoast_head_json":{"title":"Calendario de temporada | Ametller Origen - fruta y verdura mes a mes","description":"Descubre el calendario de temporada de Ametller Origen: gu\u00eda mensual de frutas y verduras frescas, locales y en su punto \u00f3ptimo para consumir cada mes del a\u00f1o.","robots":{"index":"index","follow":"follow","max-snippet":"max-snippet:-1","max-image-preview":"max-image-preview:large","max-video-preview":"max-video-preview:-1"},"canonical":"https:\/\/corppre.ametllerorigen.com\/es\/calendario-de-temporada\/","og_locale":"es_ES","og_type":"article","og_title":"Calendario de temporada | Ametller Origen - fruta y verdura mes a mes","og_description":"Descubre el calendario de temporada de Ametller Origen: gu\u00eda mensual de frutas y verduras frescas, locales y en su punto \u00f3ptimo para consumir cada mes del a\u00f1o.","og_url":"https:\/\/corppre.ametllerorigen.com\/es\/calendario-de-temporada\/","og_site_name":"Ametller Origen","article_modified_time":"2025-07-31T10:40:58+00:00","twitter_card":"summary_large_image","twitter_misc":{"Tiempo de lectura":"23 minutos"},"schema":{"@context":"https:\/\/schema.org","@graph":[{"@type":"WebPage","@id":"https:\/\/corppre.ametllerorigen.com\/es\/calendario-de-temporada\/","url":"https:\/\/corppre.ametllerorigen.com\/es\/calendario-de-temporada\/","name":"Calendario de temporada | Ametller Origen - fruta y verdura mes a mes","isPartOf":{"@id":"https:\/\/corppre.ametllerorigen.com\/#website"},"datePublished":"2022-01-19T12:09:57+00:00","dateModified":"2025-07-31T10:40:58+00:00","description":"Descubre el calendario de temporada de Ametller Origen: gu\u00eda mensual de frutas y verduras frescas, locales y en su punto \u00f3ptimo para consumir cada mes del a\u00f1o.","breadcrumb":{"@id":"https:\/\/corppre.ametllerorigen.com\/es\/calendario-de-temporada\/#breadcrumb"},"inLanguage":"es","potentialAction":[{"@type":"ReadAction","target":["https:\/\/corppre.ametllerorigen.com\/es\/calendario-de-temporada\/"]}]},{"@type":"BreadcrumbList","@id":"https:\/\/corppre.ametllerorigen.com\/es\/calendario-de-temporada\/#breadcrumb","itemListElement":[{"@type":"ListItem","position":1,"name":"Inici","item":"https:\/\/corppre.ametllerorigen.com\/es\/home\/"},{"@type":"ListItem","position":2,"name":"Calendario de temporada"}]},{"@type":"WebSite","@id":"https:\/\/corppre.ametllerorigen.com\/#website","url":"https:\/\/corppre.ametllerorigen.com\/","name":"Ametller Origen","description":"Pensa com menges, menja com penses","publisher":{"@id":"https:\/\/corppre.ametllerorigen.com\/#organization"},"potentialAction":[{"@type":"SearchAction","target":{"@type":"EntryPoint","urlTemplate":"https:\/\/corppre.ametllerorigen.com\/?s={search_term_string}"},"query-input":{"@type":"PropertyValueSpecification","valueRequired":true,"valueName":"search_term_string"}}],"inLanguage":"es"},{"@type":"Organization","@id":"https:\/\/corppre.ametllerorigen.com\/#organization","name":"Ametller Origen","url":"https:\/\/corppre.ametllerorigen.com\/","logo":{"@type":"ImageObject","inLanguage":"es","@id":"https:\/\/corppre.ametllerorigen.com\/#\/schema\/logo\/image\/","url":"https:\/\/corppre.ametllerorigen.com\/wp-content\/uploads\/2025\/09\/Favicon.svg","contentUrl":"https:\/\/corppre.ametllerorigen.com\/wp-content\/uploads\/2025\/09\/Favicon.svg","caption":"Ametller Origen"},"image":{"@id":"https:\/\/corppre.ametllerorigen.com\/#\/schema\/logo\/image\/"}}]}},"_links":{"self":[{"href":"https:\/\/corppre.ametllerorigen.com\/es\/wp-json\/wp\/v2\/pages\/5956","targetHints":{"allow":["GET"]}}],"collection":[{"href":"https:\/\/corppre.ametllerorigen.com\/es\/wp-json\/wp\/v2\/pages"}],"about":[{"href":"https:\/\/corppre.ametllerorigen.com\/es\/wp-json\/wp\/v2\/types\/page"}],"author":[{"embeddable":true,"href":"https:\/\/corppre.ametllerorigen.com\/es\/wp-json\/wp\/v2\/users\/9"}],"replies":[{"embeddable":true,"href":"https:\/\/corppre.ametllerorigen.com\/es\/wp-json\/wp\/v2\/comments?post=5956"}],"version-history":[{"count":19,"href":"https:\/\/corppre.ametllerorigen.com\/es\/wp-json\/wp\/v2\/pages\/5956\/revisions"}],"predecessor-version":[{"id":18562,"href":"https:\/\/corppre.ametllerorigen.com\/es\/wp-json\/wp\/v2\/pages\/5956\/revisions\/18562"}],"wp:attachment":[{"href":"https:\/\/corppre.ametllerorigen.com\/es\/wp-json\/wp\/v2\/media?parent=5956"}],"curies":[{"name":"wp","href":"https:\/\/api.w.org\/{rel}","templated":true}]}}