{"id":19130,"date":"2025-11-26T11:45:59","date_gmt":"2025-11-26T11:45:59","guid":{"rendered":"https:\/\/corp.ametllerorigen.com\/?page_id=19130"},"modified":"2025-12-03T08:13:12","modified_gmt":"2025-12-03T08:13:12","slug":"carniceria","status":"publish","type":"page","link":"https:\/\/corppre.ametllerorigen.com\/es\/equipo\/nuestros-departamentos\/carniceria\/","title":{"rendered":"Carnicer\u00eda"},"content":{"rendered":"\t\t<div data-elementor-type=\"wp-page\" data-elementor-id=\"19130\" class=\"elementor elementor-19130 elementor-19016\" data-elementor-post-type=\"page\">\n\t\t\t\t<div class=\"elementor-element elementor-element-351a0129 e-con-full hero-main-background e-flex e-con e-child\" data-id=\"351a0129\" data-element_type=\"container\" data-e-type=\"container\">\n\t\t\t\t<div class=\"elementor-element elementor-element-3093b73 elementor-widget elementor-widget-html\" data-id=\"3093b73\" data-element_type=\"widget\" data-e-type=\"widget\" data-widget_type=\"html.default\">\n\t\t\t\t<div class=\"elementor-widget-container\">\n\t\t\t\t\t<div class=\"hero-background\">\n    <div class=\"hero-content\">\n        <div class=\"title-hero\">\n            <h1>\u00bfBuscas <br> un futuro <br> mejor? <br><br> \u00a1Nosotros <br>tambi\u00e9n!<\/h1>\n        <\/div>\n        <div class=\"button-hero-container\">\n            <div class=\"button-hero\">\n                <a class=\"boto-simple var-2\" href=\"https:\/\/ametllerorigen.wd3.myworkdayjobs.com\/es\/CareerSite\/job\/BARCELONA\/VOLS-SER-CARNISSER-A-_JR104219\" target=\"_blank\">\u00a1S\u00e9 carnicero\/a por un d\u00eda!\n    <\/a>\n            <\/div>\n        <\/div>\n    <\/div>\n<\/div>\t\t\t\t<\/div>\n\t\t\t\t<\/div>\n\t\t\t\t<div class=\"elementor-element elementor-element-28fcc82 elementor-absolute elementor-widget elementor-widget-heading\" data-id=\"28fcc82\" data-element_type=\"widget\" data-e-type=\"widget\" data-settings=\"{&quot;_position&quot;:&quot;absolute&quot;}\" data-widget_type=\"heading.default\">\n\t\t\t\t<div class=\"elementor-widget-container\">\n\t\t\t\t\t<span class=\"elementor-heading-title elementor-size-default\">a<\/span>\t\t\t\t<\/div>\n\t\t\t\t<\/div>\n\t\t\t\t<\/div>\n\t\t<div class=\"elementor-element elementor-element-e6d0a0b e-flex e-con-boxed e-con e-parent\" data-id=\"e6d0a0b\" data-element_type=\"container\" data-e-type=\"container\">\n\t\t\t\t\t<div class=\"e-con-inner\">\n\t\t\t\t<div class=\"elementor-element elementor-element-56090c3 elementor-widget elementor-widget-html\" data-id=\"56090c3\" data-element_type=\"widget\" data-e-type=\"widget\" data-widget_type=\"html.default\">\n\t\t\t\t<div class=\"elementor-widget-container\">\n\t\t\t\t\t<div class=\"job-content-body\">\n    <h3 class=\"job-content-body-main\">\u00a1Te ofrecemos mucho m\u00e1s que un trabajo, un oficio!<\/h3>\n    <p>\n Toda persona que trabaja en nuestras carnicer\u00edas puede decir con orgullo: \u00a1soy carnicero! Y ser carnicero en nuestra casa es mucho m\u00e1s de lo que piensas\u2026 Significa trabajar con el mejor producto, compartir oficio con los mejores compa\u00f1eros y, lo m\u00e1s importante de todo, <b>abrir una puerta al crecimiento.<\/b> \n        <br>\n        <br>\n Porque nuestras carnicer\u00edas son un mundo sin techo, donde se sabe en qu\u00e9 rol se empieza, pero no en aquello en lo que tu ambici\u00f3n te convertir\u00e1. \n    <\/p>\n    <h3 class=\"job-content-body-secondary\">\n Est\u00e1s a un solo paso <br> de ser carnicero\/a.\n    <\/h3>\n    \n    <div class=\"button-hero\">\n        <a class=\"boto-simple var-2\" href=\"https:\/\/ametllerorigen.wd3.myworkdayjobs.com\/es\/CareerSite\/job\/BARCELONA\/VOLS-SER-CARNISSER-A-_JR104219\" target=\"_blank\">\u00a1Quiero ser carnicero\/a!<\/a>\n    <\/div>\n    \n    <h3 class=\"job-content-body-third\">\n \u00a1S\u00e9 carnicero\/a por un d\u00eda!\n    <\/h3>\n    \n<\/div>\t\t\t\t<\/div>\n\t\t\t\t<\/div>\n\t\t\t\t\t<\/div>\n\t\t\t\t<\/div>\n\t\t<div class=\"elementor-element elementor-element-10e195f e-flex e-con-boxed e-con e-parent\" data-id=\"10e195f\" data-element_type=\"container\" data-e-type=\"container\">\n\t\t\t\t\t<div class=\"e-con-inner\">\n\t\t\t\t<div class=\"elementor-element elementor-element-95e3bf3 elementor-widget elementor-widget-video\" data-id=\"95e3bf3\" data-element_type=\"widget\" data-e-type=\"widget\" data-settings=\"{&quot;youtube_url&quot;:&quot;https:\\\/\\\/www.youtube.com\\\/watch?v=ZfClU6niD9o&quot;,&quot;video_type&quot;:&quot;youtube&quot;,&quot;controls&quot;:&quot;yes&quot;}\" data-widget_type=\"video.default\">\n\t\t\t\t<div class=\"elementor-widget-container\">\n\t\t\t\t\t\t\t<div class=\"elementor-wrapper elementor-open-inline\">\n\t\t\t<div class=\"elementor-video\"><\/div>\t\t<\/div>\n\t\t\t\t\t\t<\/div>\n\t\t\t\t<\/div>\n\t\t\t\t\t<\/div>\n\t\t\t\t<\/div>\n\t\t\t\t<\/div>\n\t\t","protected":false},"excerpt":{"rendered":"<p>\u00bfBuscas un futuro mejor? \u00a1Nosotros tambi\u00e9n! \u00a1S\u00e9 carnicero\/a por un d\u00eda! a \u00a1Te ofrecemos mucho m\u00e1s que un trabajo, un oficio! Toda persona que trabaja en nuestras carnicer\u00edas puede decir con orgullo: \u00a1soy carnicero! Y ser carnicero en nuestra casa es mucho m\u00e1s de lo que piensas\u2026 Significa trabajar con el mejor producto, compartir oficio [&hellip;]<\/p>\n","protected":false},"author":17,"featured_media":0,"parent":18020,"menu_order":0,"comment_status":"closed","ping_status":"closed","template":"","meta":{"_acf_changed":false,"footnotes":""},"class_list":["post-19130","page","type-page","status-publish","hentry"],"acf":[],"yoast_head":"<!-- This site is optimized with the Yoast SEO plugin v27.3 - https:\/\/yoast.com\/product\/yoast-seo-wordpress\/ -->\n<title>Carnicer\u00eda Almendro Origen<\/title>\n<meta name=\"description\" content=\"Trabajar como carnicero en Ametller Origen es trabajar con el mejor producto, compartir el oficio con los mejores compa\u00f1eros y lo m\u00e1s importante de todo, abrir una puerta al crecimiento personal y profesional.\" \/>\n<meta name=\"robots\" content=\"index, follow, max-snippet:-1, max-image-preview:large, max-video-preview:-1\" \/>\n<link rel=\"canonical\" href=\"https:\/\/corppre.ametllerorigen.com\/es\/equipo\/nuestros-departamentos\/carniceria\/\" \/>\n<meta property=\"og:locale\" content=\"es_ES\" \/>\n<meta property=\"og:type\" content=\"article\" \/>\n<meta property=\"og:title\" content=\"Carnicer\u00eda Almendro Origen\" \/>\n<meta property=\"og:description\" content=\"Trabajar como carnicero en Ametller Origen es trabajar con el mejor producto, compartir el oficio con los mejores compa\u00f1eros y lo m\u00e1s importante de todo, abrir una puerta al crecimiento personal y profesional.\" \/>\n<meta property=\"og:url\" content=\"https:\/\/corppre.ametllerorigen.com\/es\/equipo\/nuestros-departamentos\/carniceria\/\" \/>\n<meta property=\"og:site_name\" content=\"Ametller Origen\" \/>\n<meta property=\"article:modified_time\" content=\"2025-12-03T08:13:12+00:00\" \/>\n<meta name=\"twitter:card\" content=\"summary_large_image\" \/>\n<meta name=\"twitter:label1\" content=\"Tiempo de lectura\" \/>\n\t<meta name=\"twitter:data1\" content=\"1 minuto\" \/>\n<script type=\"application\/ld+json\" class=\"yoast-schema-graph\">{\"@context\":\"https:\\\/\\\/schema.org\",\"@graph\":[{\"@type\":\"WebPage\",\"@id\":\"https:\\\/\\\/corppre.ametllerorigen.com\\\/es\\\/equipo\\\/nuestros-departamentos\\\/carniceria\\\/\",\"url\":\"https:\\\/\\\/corppre.ametllerorigen.com\\\/es\\\/equipo\\\/nuestros-departamentos\\\/carniceria\\\/\",\"name\":\"Carnicer\u00eda Almendro Origen\",\"isPartOf\":{\"@id\":\"https:\\\/\\\/corppre.ametllerorigen.com\\\/#website\"},\"datePublished\":\"2025-11-26T11:45:59+00:00\",\"dateModified\":\"2025-12-03T08:13:12+00:00\",\"description\":\"Trabajar como carnicero en Ametller Origen es trabajar con el mejor producto, compartir el oficio con los mejores compa\u00f1eros y lo m\u00e1s importante de todo, abrir una puerta al crecimiento personal y profesional.\",\"breadcrumb\":{\"@id\":\"https:\\\/\\\/corppre.ametllerorigen.com\\\/es\\\/equipo\\\/nuestros-departamentos\\\/carniceria\\\/#breadcrumb\"},\"inLanguage\":\"es\",\"potentialAction\":[{\"@type\":\"ReadAction\",\"target\":[\"https:\\\/\\\/corppre.ametllerorigen.com\\\/es\\\/equipo\\\/nuestros-departamentos\\\/carniceria\\\/\"]}]},{\"@type\":\"BreadcrumbList\",\"@id\":\"https:\\\/\\\/corppre.ametllerorigen.com\\\/es\\\/equipo\\\/nuestros-departamentos\\\/carniceria\\\/#breadcrumb\",\"itemListElement\":[{\"@type\":\"ListItem\",\"position\":1,\"name\":\"Inici\",\"item\":\"https:\\\/\\\/corppre.ametllerorigen.com\\\/es\\\/home\\\/\"},{\"@type\":\"ListItem\",\"position\":2,\"name\":\"Equipo\",\"item\":\"https:\\\/\\\/corppre.ametllerorigen.com\\\/es\\\/equipo\\\/\"},{\"@type\":\"ListItem\",\"position\":3,\"name\":\"Nuestros departamentos\",\"item\":\"https:\\\/\\\/corppre.ametllerorigen.com\\\/es\\\/equipo\\\/nuestros-departamentos\\\/\"},{\"@type\":\"ListItem\",\"position\":4,\"name\":\"Carnicer\u00eda\"}]},{\"@type\":\"WebSite\",\"@id\":\"https:\\\/\\\/corppre.ametllerorigen.com\\\/#website\",\"url\":\"https:\\\/\\\/corppre.ametllerorigen.com\\\/\",\"name\":\"Ametller Origen\",\"description\":\"Pensa com menges, menja com penses\",\"publisher\":{\"@id\":\"https:\\\/\\\/corppre.ametllerorigen.com\\\/#organization\"},\"potentialAction\":[{\"@type\":\"SearchAction\",\"target\":{\"@type\":\"EntryPoint\",\"urlTemplate\":\"https:\\\/\\\/corppre.ametllerorigen.com\\\/?s={search_term_string}\"},\"query-input\":{\"@type\":\"PropertyValueSpecification\",\"valueRequired\":true,\"valueName\":\"search_term_string\"}}],\"inLanguage\":\"es\"},{\"@type\":\"Organization\",\"@id\":\"https:\\\/\\\/corppre.ametllerorigen.com\\\/#organization\",\"name\":\"Ametller Origen\",\"url\":\"https:\\\/\\\/corppre.ametllerorigen.com\\\/\",\"logo\":{\"@type\":\"ImageObject\",\"inLanguage\":\"es\",\"@id\":\"https:\\\/\\\/corppre.ametllerorigen.com\\\/#\\\/schema\\\/logo\\\/image\\\/\",\"url\":\"https:\\\/\\\/corppre.ametllerorigen.com\\\/wp-content\\\/uploads\\\/2025\\\/09\\\/Favicon.svg\",\"contentUrl\":\"https:\\\/\\\/corppre.ametllerorigen.com\\\/wp-content\\\/uploads\\\/2025\\\/09\\\/Favicon.svg\",\"caption\":\"Ametller Origen\"},\"image\":{\"@id\":\"https:\\\/\\\/corppre.ametllerorigen.com\\\/#\\\/schema\\\/logo\\\/image\\\/\"}}]}<\/script>\n<!-- \/ Yoast SEO plugin. -->","yoast_head_json":{"title":"Carnicer\u00eda Almendro Origen","description":"Trabajar como carnicero en Ametller Origen es trabajar con el mejor producto, compartir el oficio con los mejores compa\u00f1eros y lo m\u00e1s importante de todo, abrir una puerta al crecimiento personal y profesional.","robots":{"index":"index","follow":"follow","max-snippet":"max-snippet:-1","max-image-preview":"max-image-preview:large","max-video-preview":"max-video-preview:-1"},"canonical":"https:\/\/corppre.ametllerorigen.com\/es\/equipo\/nuestros-departamentos\/carniceria\/","og_locale":"es_ES","og_type":"article","og_title":"Carnicer\u00eda Almendro Origen","og_description":"Trabajar como carnicero en Ametller Origen es trabajar con el mejor producto, compartir el oficio con los mejores compa\u00f1eros y lo m\u00e1s importante de todo, abrir una puerta al crecimiento personal y profesional.","og_url":"https:\/\/corppre.ametllerorigen.com\/es\/equipo\/nuestros-departamentos\/carniceria\/","og_site_name":"Ametller Origen","article_modified_time":"2025-12-03T08:13:12+00:00","twitter_card":"summary_large_image","twitter_misc":{"Tiempo de lectura":"1 minuto"},"schema":{"@context":"https:\/\/schema.org","@graph":[{"@type":"WebPage","@id":"https:\/\/corppre.ametllerorigen.com\/es\/equipo\/nuestros-departamentos\/carniceria\/","url":"https:\/\/corppre.ametllerorigen.com\/es\/equipo\/nuestros-departamentos\/carniceria\/","name":"Carnicer\u00eda Almendro Origen","isPartOf":{"@id":"https:\/\/corppre.ametllerorigen.com\/#website"},"datePublished":"2025-11-26T11:45:59+00:00","dateModified":"2025-12-03T08:13:12+00:00","description":"Trabajar como carnicero en Ametller Origen es trabajar con el mejor producto, compartir el oficio con los mejores compa\u00f1eros y lo m\u00e1s importante de todo, abrir una puerta al crecimiento personal y profesional.","breadcrumb":{"@id":"https:\/\/corppre.ametllerorigen.com\/es\/equipo\/nuestros-departamentos\/carniceria\/#breadcrumb"},"inLanguage":"es","potentialAction":[{"@type":"ReadAction","target":["https:\/\/corppre.ametllerorigen.com\/es\/equipo\/nuestros-departamentos\/carniceria\/"]}]},{"@type":"BreadcrumbList","@id":"https:\/\/corppre.ametllerorigen.com\/es\/equipo\/nuestros-departamentos\/carniceria\/#breadcrumb","itemListElement":[{"@type":"ListItem","position":1,"name":"Inici","item":"https:\/\/corppre.ametllerorigen.com\/es\/home\/"},{"@type":"ListItem","position":2,"name":"Equipo","item":"https:\/\/corppre.ametllerorigen.com\/es\/equipo\/"},{"@type":"ListItem","position":3,"name":"Nuestros departamentos","item":"https:\/\/corppre.ametllerorigen.com\/es\/equipo\/nuestros-departamentos\/"},{"@type":"ListItem","position":4,"name":"Carnicer\u00eda"}]},{"@type":"WebSite","@id":"https:\/\/corppre.ametllerorigen.com\/#website","url":"https:\/\/corppre.ametllerorigen.com\/","name":"Ametller Origen","description":"Pensa com menges, menja com penses","publisher":{"@id":"https:\/\/corppre.ametllerorigen.com\/#organization"},"potentialAction":[{"@type":"SearchAction","target":{"@type":"EntryPoint","urlTemplate":"https:\/\/corppre.ametllerorigen.com\/?s={search_term_string}"},"query-input":{"@type":"PropertyValueSpecification","valueRequired":true,"valueName":"search_term_string"}}],"inLanguage":"es"},{"@type":"Organization","@id":"https:\/\/corppre.ametllerorigen.com\/#organization","name":"Ametller Origen","url":"https:\/\/corppre.ametllerorigen.com\/","logo":{"@type":"ImageObject","inLanguage":"es","@id":"https:\/\/corppre.ametllerorigen.com\/#\/schema\/logo\/image\/","url":"https:\/\/corppre.ametllerorigen.com\/wp-content\/uploads\/2025\/09\/Favicon.svg","contentUrl":"https:\/\/corppre.ametllerorigen.com\/wp-content\/uploads\/2025\/09\/Favicon.svg","caption":"Ametller Origen"},"image":{"@id":"https:\/\/corppre.ametllerorigen.com\/#\/schema\/logo\/image\/"}}]}},"_links":{"self":[{"href":"https:\/\/corppre.ametllerorigen.com\/es\/wp-json\/wp\/v2\/pages\/19130","targetHints":{"allow":["GET"]}}],"collection":[{"href":"https:\/\/corppre.ametllerorigen.com\/es\/wp-json\/wp\/v2\/pages"}],"about":[{"href":"https:\/\/corppre.ametllerorigen.com\/es\/wp-json\/wp\/v2\/types\/page"}],"author":[{"embeddable":true,"href":"https:\/\/corppre.ametllerorigen.com\/es\/wp-json\/wp\/v2\/users\/17"}],"replies":[{"embeddable":true,"href":"https:\/\/corppre.ametllerorigen.com\/es\/wp-json\/wp\/v2\/comments?post=19130"}],"version-history":[{"count":213,"href":"https:\/\/corppre.ametllerorigen.com\/es\/wp-json\/wp\/v2\/pages\/19130\/revisions"}],"predecessor-version":[{"id":20095,"href":"https:\/\/corppre.ametllerorigen.com\/es\/wp-json\/wp\/v2\/pages\/19130\/revisions\/20095"}],"up":[{"embeddable":true,"href":"https:\/\/corppre.ametllerorigen.com\/es\/wp-json\/wp\/v2\/pages\/18020"}],"wp:attachment":[{"href":"https:\/\/corppre.ametllerorigen.com\/es\/wp-json\/wp\/v2\/media?parent=19130"}],"curies":[{"name":"wp","href":"https:\/\/api.w.org\/{rel}","templated":true}]}}