{"id":18015,"date":"2025-07-23T20:28:36","date_gmt":"2025-07-23T20:28:36","guid":{"rendered":"https:\/\/home.ametllerorigen.com\/nuestros-campos\/"},"modified":"2025-07-29T10:05:45","modified_gmt":"2025-07-29T10:05:45","slug":"campos","status":"publish","type":"page","link":"https:\/\/corppre.ametllerorigen.com\/es\/modelo-negocio\/campos\/","title":{"rendered":"Nuestros campos"},"content":{"rendered":"","protected":false},"excerpt":{"rendered":"","protected":false},"author":21,"featured_media":0,"parent":18016,"menu_order":0,"comment_status":"closed","ping_status":"closed","template":"camps.php","meta":{"_acf_changed":false,"footnotes":""},"class_list":["post-18015","page","type-page","status-publish","hentry"],"acf":[],"yoast_head":"<!-- This site is optimized with the Yoast SEO plugin v27.3 - https:\/\/yoast.com\/product\/yoast-seo-wordpress\/ -->\n<title>Campos de cultivo | Almendro Origen \u2013 Modelo integrado y sostenible<\/title>\n<meta name=\"description\" content=\"Descubre c\u00f3mo Ametller Origen integra campos de cultivo en el eje mediterr\u00e1neo con m\u00e1s de 1.200 ha propias y 2.000 ha colaborativas, apostando por la agricultura sostenible y el control de calidad desde el origen.\" \/>\n<meta name=\"robots\" content=\"index, follow, max-snippet:-1, max-image-preview:large, max-video-preview:-1\" \/>\n<link rel=\"canonical\" href=\"https:\/\/corppre.ametllerorigen.com\/es\/modelo-negocio\/campos\/\" \/>\n<meta property=\"og:locale\" content=\"es_ES\" \/>\n<meta property=\"og:type\" content=\"article\" \/>\n<meta property=\"og:title\" content=\"Campos de cultivo | Almendro Origen \u2013 Modelo integrado y sostenible\" \/>\n<meta property=\"og:description\" content=\"Descubre c\u00f3mo Ametller Origen integra campos de cultivo en el eje mediterr\u00e1neo con m\u00e1s de 1.200 ha propias y 2.000 ha colaborativas, apostando por la agricultura sostenible y el control de calidad desde el origen.\" \/>\n<meta property=\"og:url\" content=\"https:\/\/corppre.ametllerorigen.com\/es\/modelo-negocio\/campos\/\" \/>\n<meta property=\"og:site_name\" content=\"Ametller Origen\" \/>\n<meta property=\"article:modified_time\" content=\"2025-07-29T10:05:45+00:00\" \/>\n<meta name=\"twitter:card\" content=\"summary_large_image\" \/>\n<script type=\"application\/ld+json\" class=\"yoast-schema-graph\">{\"@context\":\"https:\\\/\\\/schema.org\",\"@graph\":[{\"@type\":\"WebPage\",\"@id\":\"https:\\\/\\\/corppre.ametllerorigen.com\\\/es\\\/modelo-negocio\\\/campos\\\/\",\"url\":\"https:\\\/\\\/corppre.ametllerorigen.com\\\/es\\\/modelo-negocio\\\/campos\\\/\",\"name\":\"Campos de cultivo | Almendro Origen \u2013 Modelo integrado y sostenible\",\"isPartOf\":{\"@id\":\"https:\\\/\\\/corppre.ametllerorigen.com\\\/#website\"},\"datePublished\":\"2025-07-23T20:28:36+00:00\",\"dateModified\":\"2025-07-29T10:05:45+00:00\",\"description\":\"Descubre c\u00f3mo Ametller Origen integra campos de cultivo en el eje mediterr\u00e1neo con m\u00e1s de 1.200 ha propias y 2.000 ha colaborativas, apostando por la agricultura sostenible y el control de calidad desde el origen.\",\"breadcrumb\":{\"@id\":\"https:\\\/\\\/corppre.ametllerorigen.com\\\/es\\\/modelo-negocio\\\/campos\\\/#breadcrumb\"},\"inLanguage\":\"es\",\"potentialAction\":[{\"@type\":\"ReadAction\",\"target\":[\"https:\\\/\\\/corppre.ametllerorigen.com\\\/es\\\/modelo-negocio\\\/campos\\\/\"]}]},{\"@type\":\"BreadcrumbList\",\"@id\":\"https:\\\/\\\/corppre.ametllerorigen.com\\\/es\\\/modelo-negocio\\\/campos\\\/#breadcrumb\",\"itemListElement\":[{\"@type\":\"ListItem\",\"position\":1,\"name\":\"Inici\",\"item\":\"https:\\\/\\\/corppre.ametllerorigen.com\\\/es\\\/home\\\/\"},{\"@type\":\"ListItem\",\"position\":2,\"name\":\"Nuestro modelo de negocio\",\"item\":\"https:\\\/\\\/corppre.ametllerorigen.com\\\/es\\\/modelo-negocio\\\/\"},{\"@type\":\"ListItem\",\"position\":3,\"name\":\"Nuestros campos\"}]},{\"@type\":\"WebSite\",\"@id\":\"https:\\\/\\\/corppre.ametllerorigen.com\\\/#website\",\"url\":\"https:\\\/\\\/corppre.ametllerorigen.com\\\/\",\"name\":\"Ametller Origen\",\"description\":\"Pensa com menges, menja com penses\",\"publisher\":{\"@id\":\"https:\\\/\\\/corppre.ametllerorigen.com\\\/#organization\"},\"potentialAction\":[{\"@type\":\"SearchAction\",\"target\":{\"@type\":\"EntryPoint\",\"urlTemplate\":\"https:\\\/\\\/corppre.ametllerorigen.com\\\/?s={search_term_string}\"},\"query-input\":{\"@type\":\"PropertyValueSpecification\",\"valueRequired\":true,\"valueName\":\"search_term_string\"}}],\"inLanguage\":\"es\"},{\"@type\":\"Organization\",\"@id\":\"https:\\\/\\\/corppre.ametllerorigen.com\\\/#organization\",\"name\":\"Ametller Origen\",\"url\":\"https:\\\/\\\/corppre.ametllerorigen.com\\\/\",\"logo\":{\"@type\":\"ImageObject\",\"inLanguage\":\"es\",\"@id\":\"https:\\\/\\\/corppre.ametllerorigen.com\\\/#\\\/schema\\\/logo\\\/image\\\/\",\"url\":\"https:\\\/\\\/corppre.ametllerorigen.com\\\/wp-content\\\/uploads\\\/2025\\\/09\\\/Favicon.svg\",\"contentUrl\":\"https:\\\/\\\/corppre.ametllerorigen.com\\\/wp-content\\\/uploads\\\/2025\\\/09\\\/Favicon.svg\",\"caption\":\"Ametller Origen\"},\"image\":{\"@id\":\"https:\\\/\\\/corppre.ametllerorigen.com\\\/#\\\/schema\\\/logo\\\/image\\\/\"}}]}<\/script>\n<!-- \/ Yoast SEO plugin. -->","yoast_head_json":{"title":"Campos de cultivo | Almendro Origen \u2013 Modelo integrado y sostenible","description":"Descubre c\u00f3mo Ametller Origen integra campos de cultivo en el eje mediterr\u00e1neo con m\u00e1s de 1.200 ha propias y 2.000 ha colaborativas, apostando por la agricultura sostenible y el control de calidad desde el origen.","robots":{"index":"index","follow":"follow","max-snippet":"max-snippet:-1","max-image-preview":"max-image-preview:large","max-video-preview":"max-video-preview:-1"},"canonical":"https:\/\/corppre.ametllerorigen.com\/es\/modelo-negocio\/campos\/","og_locale":"es_ES","og_type":"article","og_title":"Campos de cultivo | Almendro Origen \u2013 Modelo integrado y sostenible","og_description":"Descubre c\u00f3mo Ametller Origen integra campos de cultivo en el eje mediterr\u00e1neo con m\u00e1s de 1.200 ha propias y 2.000 ha colaborativas, apostando por la agricultura sostenible y el control de calidad desde el origen.","og_url":"https:\/\/corppre.ametllerorigen.com\/es\/modelo-negocio\/campos\/","og_site_name":"Ametller Origen","article_modified_time":"2025-07-29T10:05:45+00:00","twitter_card":"summary_large_image","schema":{"@context":"https:\/\/schema.org","@graph":[{"@type":"WebPage","@id":"https:\/\/corppre.ametllerorigen.com\/es\/modelo-negocio\/campos\/","url":"https:\/\/corppre.ametllerorigen.com\/es\/modelo-negocio\/campos\/","name":"Campos de cultivo | Almendro Origen \u2013 Modelo integrado y sostenible","isPartOf":{"@id":"https:\/\/corppre.ametllerorigen.com\/#website"},"datePublished":"2025-07-23T20:28:36+00:00","dateModified":"2025-07-29T10:05:45+00:00","description":"Descubre c\u00f3mo Ametller Origen integra campos de cultivo en el eje mediterr\u00e1neo con m\u00e1s de 1.200 ha propias y 2.000 ha colaborativas, apostando por la agricultura sostenible y el control de calidad desde el origen.","breadcrumb":{"@id":"https:\/\/corppre.ametllerorigen.com\/es\/modelo-negocio\/campos\/#breadcrumb"},"inLanguage":"es","potentialAction":[{"@type":"ReadAction","target":["https:\/\/corppre.ametllerorigen.com\/es\/modelo-negocio\/campos\/"]}]},{"@type":"BreadcrumbList","@id":"https:\/\/corppre.ametllerorigen.com\/es\/modelo-negocio\/campos\/#breadcrumb","itemListElement":[{"@type":"ListItem","position":1,"name":"Inici","item":"https:\/\/corppre.ametllerorigen.com\/es\/home\/"},{"@type":"ListItem","position":2,"name":"Nuestro modelo de negocio","item":"https:\/\/corppre.ametllerorigen.com\/es\/modelo-negocio\/"},{"@type":"ListItem","position":3,"name":"Nuestros campos"}]},{"@type":"WebSite","@id":"https:\/\/corppre.ametllerorigen.com\/#website","url":"https:\/\/corppre.ametllerorigen.com\/","name":"Ametller Origen","description":"Pensa com menges, menja com penses","publisher":{"@id":"https:\/\/corppre.ametllerorigen.com\/#organization"},"potentialAction":[{"@type":"SearchAction","target":{"@type":"EntryPoint","urlTemplate":"https:\/\/corppre.ametllerorigen.com\/?s={search_term_string}"},"query-input":{"@type":"PropertyValueSpecification","valueRequired":true,"valueName":"search_term_string"}}],"inLanguage":"es"},{"@type":"Organization","@id":"https:\/\/corppre.ametllerorigen.com\/#organization","name":"Ametller Origen","url":"https:\/\/corppre.ametllerorigen.com\/","logo":{"@type":"ImageObject","inLanguage":"es","@id":"https:\/\/corppre.ametllerorigen.com\/#\/schema\/logo\/image\/","url":"https:\/\/corppre.ametllerorigen.com\/wp-content\/uploads\/2025\/09\/Favicon.svg","contentUrl":"https:\/\/corppre.ametllerorigen.com\/wp-content\/uploads\/2025\/09\/Favicon.svg","caption":"Ametller Origen"},"image":{"@id":"https:\/\/corppre.ametllerorigen.com\/#\/schema\/logo\/image\/"}}]}},"_links":{"self":[{"href":"https:\/\/corppre.ametllerorigen.com\/es\/wp-json\/wp\/v2\/pages\/18015","targetHints":{"allow":["GET"]}}],"collection":[{"href":"https:\/\/corppre.ametllerorigen.com\/es\/wp-json\/wp\/v2\/pages"}],"about":[{"href":"https:\/\/corppre.ametllerorigen.com\/es\/wp-json\/wp\/v2\/types\/page"}],"author":[{"embeddable":true,"href":"https:\/\/corppre.ametllerorigen.com\/es\/wp-json\/wp\/v2\/users\/21"}],"replies":[{"embeddable":true,"href":"https:\/\/corppre.ametllerorigen.com\/es\/wp-json\/wp\/v2\/comments?post=18015"}],"version-history":[{"count":1,"href":"https:\/\/corppre.ametllerorigen.com\/es\/wp-json\/wp\/v2\/pages\/18015\/revisions"}],"predecessor-version":[{"id":18029,"href":"https:\/\/corppre.ametllerorigen.com\/es\/wp-json\/wp\/v2\/pages\/18015\/revisions\/18029"}],"up":[{"embeddable":true,"href":"https:\/\/corppre.ametllerorigen.com\/es\/wp-json\/wp\/v2\/pages\/18016"}],"wp:attachment":[{"href":"https:\/\/corppre.ametllerorigen.com\/es\/wp-json\/wp\/v2\/media?parent=18015"}],"curies":[{"name":"wp","href":"https:\/\/api.w.org\/{rel}","templated":true}]}}